{"id":139,"date":"2019-12-13T10:36:50","date_gmt":"2019-12-13T09:36:50","guid":{"rendered":"http:\/\/dev.speicherhafen.de\/?page_id=139"},"modified":"2025-07-30T14:12:28","modified_gmt":"2025-07-30T12:12:28","slug":"jobs","status":"publish","type":"page","link":"https:\/\/www.speicherhafen.de\/index.php\/jobs\/","title":{"rendered":"Jobs"},"content":{"rendered":"\t\t<div data-elementor-type=\"wp-page\" data-elementor-id=\"139\" class=\"elementor elementor-139\" data-elementor-post-type=\"page\">\n\t\t\t\t\t\t<section class=\"elementor-section elementor-top-section elementor-element elementor-element-843f102 elementor-section-boxed elementor-section-height-default elementor-section-height-default\" data-id=\"843f102\" data-element_type=\"section\" data-e-type=\"section\">\n\t\t\t\t\t\t<div class=\"elementor-container elementor-column-gap-default\">\n\t\t\t\t\t<div class=\"elementor-column elementor-col-100 elementor-top-column elementor-element elementor-element-8bfaddd\" data-id=\"8bfaddd\" data-element_type=\"column\" data-e-type=\"column\">\n\t\t\t<div class=\"elementor-widget-wrap elementor-element-populated\">\n\t\t\t\t\t\t<div class=\"elementor-element elementor-element-2f2c9e4 elementor-widget elementor-widget-heading\" data-id=\"2f2c9e4\" data-element_type=\"widget\" data-e-type=\"widget\" data-widget_type=\"heading.default\">\n\t\t\t\t<div class=\"elementor-widget-container\">\n\t\t\t\t\t<h1 class=\"elementor-heading-title elementor-size-default\">Jobs<\/h1>\t\t\t\t<\/div>\n\t\t\t\t<\/div>\n\t\t\t\t\t<\/div>\n\t\t<\/div>\n\t\t\t\t\t<\/div>\n\t\t<\/section>\n\t\t\t\t<section class=\"elementor-section elementor-top-section elementor-element elementor-element-c40742c elementor-section-boxed elementor-section-height-default elementor-section-height-default\" data-id=\"c40742c\" data-element_type=\"section\" data-e-type=\"section\">\n\t\t\t\t\t\t<div class=\"elementor-container elementor-column-gap-default\">\n\t\t\t\t\t<div class=\"elementor-column elementor-col-100 elementor-top-column elementor-element elementor-element-62e3cf1\" data-id=\"62e3cf1\" data-element_type=\"column\" data-e-type=\"column\">\n\t\t\t<div class=\"elementor-widget-wrap elementor-element-populated\">\n\t\t\t\t\t\t<div class=\"elementor-element elementor-element-cd5aece elementor-widget elementor-widget-spacer\" data-id=\"cd5aece\" data-element_type=\"widget\" data-e-type=\"widget\" data-widget_type=\"spacer.default\">\n\t\t\t\t<div class=\"elementor-widget-container\">\n\t\t\t\t\t\t\t<div class=\"elementor-spacer\">\n\t\t\t<div class=\"elementor-spacer-inner\"><\/div>\n\t\t<\/div>\n\t\t\t\t\t\t<\/div>\n\t\t\t\t<\/div>\n\t\t\t\t\t<\/div>\n\t\t<\/div>\n\t\t\t\t\t<\/div>\n\t\t<\/section>\n\t\t\t\t<section class=\"elementor-section elementor-top-section elementor-element elementor-element-d72da5b elementor-section-boxed elementor-section-height-default elementor-section-height-default\" data-id=\"d72da5b\" data-element_type=\"section\" data-e-type=\"section\">\n\t\t\t\t\t\t<div class=\"elementor-container elementor-column-gap-default\">\n\t\t\t\t\t<div class=\"elementor-column elementor-col-100 elementor-top-column elementor-element elementor-element-027d5f3\" data-id=\"027d5f3\" data-element_type=\"column\" data-e-type=\"column\">\n\t\t\t<div class=\"elementor-widget-wrap elementor-element-populated\">\n\t\t\t\t\t\t<div class=\"elementor-element elementor-element-3095efc elementor-widget elementor-widget-image\" data-id=\"3095efc\" data-element_type=\"widget\" data-e-type=\"widget\" data-widget_type=\"image.default\">\n\t\t\t\t<div class=\"elementor-widget-container\">\n\t\t\t\t\t\t\t\t\t\t\t\t\t\t\t<img fetchpriority=\"high\" decoding=\"async\" width=\"1920\" height=\"1241\" src=\"https:\/\/www.speicherhafen.de\/wp-content\/uploads\/2025\/07\/speicherhafen-scaled.webp\" class=\"attachment-full size-full wp-image-1333\" alt=\"\" srcset=\"https:\/\/www.speicherhafen.de\/wp-content\/uploads\/2025\/07\/speicherhafen-scaled.webp 1920w, https:\/\/www.speicherhafen.de\/wp-content\/uploads\/2025\/07\/speicherhafen-300x194.webp 300w, https:\/\/www.speicherhafen.de\/wp-content\/uploads\/2025\/07\/speicherhafen-1024x662.webp 1024w, https:\/\/www.speicherhafen.de\/wp-content\/uploads\/2025\/07\/speicherhafen-768x496.webp 768w, https:\/\/www.speicherhafen.de\/wp-content\/uploads\/2025\/07\/speicherhafen-1536x993.webp 1536w\" sizes=\"100vw\" \/>\t\t\t\t\t\t\t\t\t\t\t\t\t\t\t<\/div>\n\t\t\t\t<\/div>\n\t\t\t\t\t<\/div>\n\t\t<\/div>\n\t\t\t\t\t<\/div>\n\t\t<\/section>\n\t\t\t\t<section class=\"elementor-section elementor-top-section elementor-element elementor-element-15c9237 elementor-section-boxed elementor-section-height-default elementor-section-height-default\" data-id=\"15c9237\" data-element_type=\"section\" data-e-type=\"section\">\n\t\t\t\t\t\t<div class=\"elementor-container elementor-column-gap-default\">\n\t\t\t\t\t<div class=\"elementor-column elementor-col-100 elementor-top-column elementor-element elementor-element-2c580fc\" data-id=\"2c580fc\" data-element_type=\"column\" data-e-type=\"column\">\n\t\t\t<div class=\"elementor-widget-wrap elementor-element-populated\">\n\t\t\t\t\t\t<div class=\"elementor-element elementor-element-d07159d elementor-widget elementor-widget-text-editor\" data-id=\"d07159d\" data-element_type=\"widget\" data-e-type=\"widget\" data-widget_type=\"text-editor.default\">\n\t\t\t\t<div class=\"elementor-widget-container\">\n\t\t\t\t\t\t\t\t\t<section class=\"elementor-section elementor-top-section elementor-element elementor-element-40e686d elementor-section-boxed elementor-section-height-default elementor-section-height-default\" data-id=\"40e686d\" data-element_type=\"section\"><div class=\"elementor-container elementor-column-gap-default\"><div class=\"elementor-row\"><div class=\"elementor-column elementor-col-100 elementor-top-column elementor-element elementor-element-634c040\" data-id=\"634c040\" data-element_type=\"column\"><div class=\"elementor-column-wrap elementor-element-populated\"><div class=\"elementor-widget-wrap\"><div class=\"elementor-element elementor-element-be22793 elementor-widget elementor-widget-text-editor\" data-id=\"be22793\" data-element_type=\"widget\" data-widget_type=\"text-editor.default\"><div class=\"elementor-widget-container\"><div class=\"elementor-text-editor elementor-clearfix\"><p><span style=\"color: #000000;\"><strong>\u00dcber uns:<\/strong><\/span><\/p><p><span style=\"color: #000000;\">Wir sind ein bunt gemischtes und eingespieltes Team. Obwohl wir uns l\u00e4ngst nicht mehr als Start-Up verstehen, bleiben wir genauso flexibel und lernf\u00e4hig. Verteilt auf die Disziplinen Entwicklung, Kundenberatung und -Support, Qualit\u00e4tssicherung, Marketing und nat\u00fcrlich Verwaltung, betreiben und entwickeln wir seit 2011 die modernste datenschutzkonforme Verwaltungs-, Kommunikations- und Abrechnungs-Software f\u00fcr Kinderbetreuungseinrichtungen jeder Art und Gr\u00f6\u00dfe (\u201e<a href=\"https:\/\/www.kigaroo.de\" target=\"_blank\" rel=\"noopener\">KigaRoo<\/a>\u201c) und seit 2018 f\u00fcr gro\u00dfe Vereine (\u201e<a href=\"https:\/\/www.clubity.com\" target=\"_blank\" rel=\"noopener\">Clubity<\/a>\u201c).\u00a0<\/span><\/p><p><span style=\"color: #000000;\"><strong>Was wir bieten:\u00a0<\/strong><\/span><\/p><p><span style=\"color: #000000;\">Du \u00fcbernimmst gerne Verantwortung, arbeitest l\u00f6sungsorientiert und dabei gerne im Team? Du m\u00f6chtest deine eigenen Ideen und Erfahrungen in einem langfristigen Anstellungsverh\u00e4ltnis einbringen? Bei der Speicherhafen GmbH &amp; Co. KG bieten wir dir genau das!<\/span><\/p><p><span style=\"color: #000000;\"><strong>Was dich bei uns erwartet:<\/strong><\/span><\/p><ul><li><span style=\"color: #000000;\">Abwechslungsreiche Aufgaben in gesellschaftlich nachhaltig relevanten Bereichen<\/span><\/li><li><span style=\"color: #000000;\">Ein professioneller Workflow und agile Arbeitsweise<\/span><\/li><li><span style=\"color: #000000;\">Moderne und pers\u00f6nliche Arbeitsplatz-Ausstattung und -Tools<\/span><\/li><li><span style=\"color: #000000;\">Offener und freundschaftlicher Umgang im gesamten Team<\/span><\/li><li><span style=\"color: #000000;\">Ausgesprochen partnerschaftliche und langj\u00e4hrige Kundenbeziehungen<\/span><\/li><li><span style=\"color: #000000;\">Eine ruhige Arbeitsatmosph\u00e4re in besonders sch\u00f6nen R\u00e4umen<\/span><\/li><li><span style=\"color: #000000;\">Zentrale \u00d6PNV-Anbindung. Dazu, auf Wunsch, eine HVV-Karte\u00a0<\/span><\/li><li><span style=\"color: #000000;\">Flexibilit\u00e4t bei den regelm\u00e4\u00dfigen Arbeitszeiten (Gleitzeit) und 29 Tage Urlaub<\/span><\/li><li><span style=\"color: #000000;\">Gro\u00dfe Auswahl an Lunch-M\u00f6glichkeiten in der Umgebung des B\u00fcros<\/span><\/li><li><span style=\"color: #000000;\">Hervorragender Kaffee im B\u00fcro (nat\u00fcrlich auch Tee und Mineralwasser)<\/span><\/li><li><span style=\"color: #000000;\">Die eine oder andere After-Work-Aktivit\u00e4t.. \ud83d\ude09\u00a0<\/span><\/li><\/ul><p><span style=\"color: #000000;\"><strong>Was wir uns w\u00fcnschen:\u00a0<\/strong><\/span><\/p><p><span style=\"color: #000000;\"><strong><u>Von Software-Entwicklerinnen und -Entwicklern:<\/u><\/strong><\/span><\/p><ul><li><span style=\"color: #000000;\">Umfangreiche Erfahrung mit objektorientierter Entwicklung in PHP<\/span><\/li><li><span style=\"color: #000000;\">Sehr gute Kenntnisse in MySQL, HTML, CSS und Javascript<\/span><\/li><li><span style=\"color: #000000;\">Erfahrung mit einem Web Framework, am besten mit Symfony<\/span><\/li><\/ul><p><span style=\"color: #000000;\"><strong><u>Von Kolleginnen und Kollegen in der Kundenberatung, im Support und der Qualit\u00e4tssicherung:<\/u><\/strong><\/span><\/p><ul><li><span style=\"color: #000000;\">Erfahrung in der Kundenberatung und im Support bzw. Erfahrung in der Qualit\u00e4tssicherung und Software-Testing<\/span><\/li><li><span style=\"color: #000000;\">Gute Kenntnisse in allen g\u00e4ngigen Office-Anwendungen<\/span><\/li><li><span style=\"color: #000000;\">Spa\u00df an Kommunikation, Geduld und ausgepr\u00e4gte Freundlichkeit\u00a0<\/span><\/li><\/ul><p><span style=\"color: #000000;\"><strong><u>Von allen neuen Teammitgliedern:<\/u><\/strong><\/span><\/p><ul><li><span style=\"color: #000000;\">Teamwork, gute Kommunikation und das Einbringen Deiner eigenen Meinung<\/span><\/li><li><span style=\"color: #000000;\">Den Blick \u00fcber den Tellerrand hinaus<\/span><\/li><li><span style=\"color: #000000;\">L\u00f6sungsorientiertes und pragmatisches Arbeiten<\/span><\/li><\/ul><p><span style=\"color: #000000;\">Wir freuen uns \u00fcber Deine aussagekr\u00e4ftige Bewerbung inklusive einer Angabe Deiner Gehaltsvorstellung und Deiner fr\u00fchesten Verf\u00fcgbarkeit!<\/span><\/p><p><span style=\"color: #000000;\">Bitte per E-Mail an: Personalabteilung \u2013 <a style=\"color: #000000;\" href=\"mailto:jobs@speicherhafen.de\">jobs@speicherhafen.de<\/a><\/span><\/p><\/div><\/div><\/div><\/div><\/div><\/div><\/div><\/div><\/section>\t\t\t\t\t\t\t\t<\/div>\n\t\t\t\t<\/div>\n\t\t\t\t\t<\/div>\n\t\t<\/div>\n\t\t\t\t\t<\/div>\n\t\t<\/section>\n\t\t\t\t<\/div>\n\t\t","protected":false},"excerpt":{"rendered":"<p>Jobs \u00dcber uns: Wir sind ein bunt gemischtes und eingespieltes Team. Obwohl wir uns l\u00e4ngst nicht mehr als Start-Up verstehen, bleiben wir genauso flexibel und lernf\u00e4hig. Verteilt auf die Disziplinen Entwicklung, Kundenberatung und -Support, Qualit\u00e4tssicherung, Marketing und nat\u00fcrlich Verwaltung, betreiben und entwickeln wir seit 2011 die modernste datenschutzkonforme Verwaltungs-, Kommunikations- und Abrechnungs-Software f\u00fcr Kinderbetreuungseinrichtungen jeder &hellip; <\/p>\n<p class=\"link-more\"><a href=\"https:\/\/www.speicherhafen.de\/index.php\/jobs\/\" class=\"more-link\"><span class=\"screen-reader-text\">\u201eJobs\u201c <\/span>weiterlesen<\/a><\/p>\n","protected":false},"author":2,"featured_media":0,"parent":0,"menu_order":0,"comment_status":"closed","ping_status":"closed","template":"","meta":{"footnotes":""},"class_list":["post-139","page","type-page","status-publish","hentry"],"_links":{"self":[{"href":"https:\/\/www.speicherhafen.de\/index.php\/wp-json\/wp\/v2\/pages\/139","targetHints":{"allow":["GET"]}}],"collection":[{"href":"https:\/\/www.speicherhafen.de\/index.php\/wp-json\/wp\/v2\/pages"}],"about":[{"href":"https:\/\/www.speicherhafen.de\/index.php\/wp-json\/wp\/v2\/types\/page"}],"author":[{"embeddable":true,"href":"https:\/\/www.speicherhafen.de\/index.php\/wp-json\/wp\/v2\/users\/2"}],"replies":[{"embeddable":true,"href":"https:\/\/www.speicherhafen.de\/index.php\/wp-json\/wp\/v2\/comments?post=139"}],"version-history":[{"count":13,"href":"https:\/\/www.speicherhafen.de\/index.php\/wp-json\/wp\/v2\/pages\/139\/revisions"}],"predecessor-version":[{"id":1354,"href":"https:\/\/www.speicherhafen.de\/index.php\/wp-json\/wp\/v2\/pages\/139\/revisions\/1354"}],"wp:attachment":[{"href":"https:\/\/www.speicherhafen.de\/index.php\/wp-json\/wp\/v2\/media?parent=139"}],"curies":[{"name":"wp","href":"https:\/\/api.w.org\/{rel}","templated":true}]}}