{"id":65,"date":"2019-12-11T16:51:01","date_gmt":"2019-12-11T15:51:01","guid":{"rendered":"http:\/\/dev.speicherhafen.de\/?page_id=65"},"modified":"2025-06-16T16:15:07","modified_gmt":"2025-06-16T14:15:07","slug":"startseite","status":"publish","type":"page","link":"https:\/\/www.speicherhafen.de\/","title":{"rendered":"Willkommen bei der Speicherhafen GmbH &#038; Co. KG"},"content":{"rendered":"\t\t<div data-elementor-type=\"wp-page\" data-elementor-id=\"65\" class=\"elementor elementor-65\" data-elementor-post-type=\"page\">\n\t\t\t\t\t\t<section class=\"elementor-section elementor-top-section elementor-element elementor-element-8f12f5e elementor-section-boxed elementor-section-height-default elementor-section-height-default\" data-id=\"8f12f5e\" data-element_type=\"section\" data-e-type=\"section\">\n\t\t\t\t\t\t<div class=\"elementor-container elementor-column-gap-default\">\n\t\t\t\t\t<div class=\"elementor-column elementor-col-100 elementor-top-column elementor-element elementor-element-6b0fadb\" data-id=\"6b0fadb\" data-element_type=\"column\" data-e-type=\"column\">\n\t\t\t<div class=\"elementor-widget-wrap elementor-element-populated\">\n\t\t\t\t\t\t<div class=\"elementor-element elementor-element-128f3ba elementor-widget elementor-widget-heading\" data-id=\"128f3ba\" data-element_type=\"widget\" data-e-type=\"widget\" data-widget_type=\"heading.default\">\n\t\t\t\t<div class=\"elementor-widget-container\">\n\t\t\t\t\t<h1 class=\"elementor-heading-title elementor-size-default\">Willkommen bei der Speicherhafen GmbH &amp; Co. KG<\/h1>\t\t\t\t<\/div>\n\t\t\t\t<\/div>\n\t\t\t\t\t<\/div>\n\t\t<\/div>\n\t\t\t\t\t<\/div>\n\t\t<\/section>\n\t\t\t\t<section class=\"elementor-section elementor-top-section elementor-element elementor-element-d6fcc27 elementor-section-boxed elementor-section-height-default elementor-section-height-default\" data-id=\"d6fcc27\" data-element_type=\"section\" data-e-type=\"section\">\n\t\t\t\t\t\t<div class=\"elementor-container elementor-column-gap-default\">\n\t\t\t\t\t<div class=\"elementor-column elementor-col-100 elementor-top-column elementor-element elementor-element-6a4fd15\" data-id=\"6a4fd15\" data-element_type=\"column\" data-e-type=\"column\">\n\t\t\t<div class=\"elementor-widget-wrap elementor-element-populated\">\n\t\t\t\t\t\t<div class=\"elementor-element elementor-element-dec628c elementor-widget elementor-widget-spacer\" data-id=\"dec628c\" data-element_type=\"widget\" data-e-type=\"widget\" data-widget_type=\"spacer.default\">\n\t\t\t\t<div class=\"elementor-widget-container\">\n\t\t\t\t\t\t\t<div class=\"elementor-spacer\">\n\t\t\t<div class=\"elementor-spacer-inner\"><\/div>\n\t\t<\/div>\n\t\t\t\t\t\t<\/div>\n\t\t\t\t<\/div>\n\t\t\t\t\t<\/div>\n\t\t<\/div>\n\t\t\t\t\t<\/div>\n\t\t<\/section>\n\t\t\t\t<section class=\"elementor-section elementor-top-section elementor-element elementor-element-baf53e6 elementor-section-boxed elementor-section-height-default elementor-section-height-default\" data-id=\"baf53e6\" data-element_type=\"section\" data-e-type=\"section\">\n\t\t\t\t\t\t<div class=\"elementor-container elementor-column-gap-default\">\n\t\t\t\t\t<div class=\"elementor-column elementor-col-100 elementor-top-column elementor-element elementor-element-463a729\" data-id=\"463a729\" data-element_type=\"column\" data-e-type=\"column\">\n\t\t\t<div class=\"elementor-widget-wrap elementor-element-populated\">\n\t\t\t\t\t\t<div class=\"elementor-element elementor-element-3c03a78 elementor-widget elementor-widget-text-editor\" data-id=\"3c03a78\" data-element_type=\"widget\" data-e-type=\"widget\" data-widget_type=\"text-editor.default\">\n\t\t\t\t<div class=\"elementor-widget-container\">\n\t\t\t\t\t\t\t\t\t\n<p class=\"has-drop-cap\">Mitten im Herzen Hamburgs, in einem der wenigen historischen Geb\u00e4ude der ansonsten sehr modernen &#8222;Hafencity&#8220;, finden Sie unsere neuen B\u00fcror\u00e4ume im 2. Obergeschoss. Sie erreichen diese bequem mit dem Fahrstuhl. <br \/>In den beiden Etagen unterhalb befindet sich das Museum &#8222;Prototyp&#8220;, wo Sie eindrucksvolle Exponate aus der deutschen Automobilgeschichte erleben k\u00f6nnen. Wenn Sie uns besuchen und Interesse an einem Museumsbesuch haben, lassen Sie uns das gerne vorher wissen.<\/p>\n\t\t\t\t\t\t\t\t<\/div>\n\t\t\t\t<\/div>\n\t\t\t\t\t<\/div>\n\t\t<\/div>\n\t\t\t\t\t<\/div>\n\t\t<\/section>\n\t\t\t\t<\/div>\n\t\t","protected":false},"excerpt":{"rendered":"<p>Willkommen bei der Speicherhafen GmbH &amp; Co. KG Mitten im Herzen Hamburgs, in einem der wenigen historischen Geb\u00e4ude der ansonsten sehr modernen &#8222;Hafencity&#8220;, finden Sie unsere neuen B\u00fcror\u00e4ume im 2. Obergeschoss. Sie erreichen diese bequem mit dem Fahrstuhl. In den beiden Etagen unterhalb befindet sich das Museum &#8222;Prototyp&#8220;, wo Sie eindrucksvolle Exponate aus der deutschen &hellip; <\/p>\n<p class=\"link-more\"><a href=\"https:\/\/www.speicherhafen.de\/\" class=\"more-link\"><span class=\"screen-reader-text\">\u201eWillkommen bei der Speicherhafen GmbH &#038; Co. KG\u201c <\/span>weiterlesen<\/a><\/p>\n","protected":false},"author":2,"featured_media":0,"parent":0,"menu_order":0,"comment_status":"closed","ping_status":"closed","template":"","meta":{"footnotes":""},"class_list":["post-65","page","type-page","status-publish","hentry"],"_links":{"self":[{"href":"https:\/\/www.speicherhafen.de\/index.php\/wp-json\/wp\/v2\/pages\/65","targetHints":{"allow":["GET"]}}],"collection":[{"href":"https:\/\/www.speicherhafen.de\/index.php\/wp-json\/wp\/v2\/pages"}],"about":[{"href":"https:\/\/www.speicherhafen.de\/index.php\/wp-json\/wp\/v2\/types\/page"}],"author":[{"embeddable":true,"href":"https:\/\/www.speicherhafen.de\/index.php\/wp-json\/wp\/v2\/users\/2"}],"replies":[{"embeddable":true,"href":"https:\/\/www.speicherhafen.de\/index.php\/wp-json\/wp\/v2\/comments?post=65"}],"version-history":[{"count":3,"href":"https:\/\/www.speicherhafen.de\/index.php\/wp-json\/wp\/v2\/pages\/65\/revisions"}],"predecessor-version":[{"id":1290,"href":"https:\/\/www.speicherhafen.de\/index.php\/wp-json\/wp\/v2\/pages\/65\/revisions\/1290"}],"wp:attachment":[{"href":"https:\/\/www.speicherhafen.de\/index.php\/wp-json\/wp\/v2\/media?parent=65"}],"curies":[{"name":"wp","href":"https:\/\/api.w.org\/{rel}","templated":true}]}}